{"id":457,"date":"2022-08-11T13:10:20","date_gmt":"2022-08-11T11:10:20","guid":{"rendered":"https:\/\/opengrey.eu\/?page_id=457"},"modified":"2022-12-03T16:05:04","modified_gmt":"2022-12-03T15:05:04","slug":"heatcore","status":"publish","type":"page","link":"https:\/\/opengrey.eu\/de\/heatcore\/","title":{"rendered":"Blaux HeatCore Heizl\u00fcfter g\u00fcnstig kaufen &#8211; Test, Bewertungen, Stromverbrauch, Preis &#038; Erfahrungen"},"content":{"rendered":"<p><img loading=\"lazy\" decoding=\"async\" class=\"aligncenter size-full wp-image-462\" src=\"https:\/\/opengrey.eu\/wp-content\/uploads\/2022\/08\/heatcore-stiftung-warentest.jpg\" alt=\"heatcore stiftung warentest\" width=\"800\" height=\"543\" srcset=\"https:\/\/opengrey.eu\/wp-content\/uploads\/2022\/08\/heatcore-stiftung-warentest.jpg 800w, https:\/\/opengrey.eu\/wp-content\/uploads\/2022\/08\/heatcore-stiftung-warentest-300x204.jpg 300w, https:\/\/opengrey.eu\/wp-content\/uploads\/2022\/08\/heatcore-stiftung-warentest-768x521.jpg 768w\" sizes=\"auto, (max-width: 800px) 100vw, 800px\" \/><\/p>\n<p><strong>Beim Blaux HeatCore handelt es sich um ein kleines, tragbares Raumheizger\u00e4t, das sehr leise funktioniert. Das leistungsstarke Heizger\u00e4t heizt in Sekundenschnelle auf und kostet nur wenige Cent pro Stunde. Es bereitet der klirrenden K\u00e4lte im Haus sofort ein Ende. Dank der extra-effizienten Heiztechnik, von HeatCore erhalten Anwender wohlige W\u00e4rme &#8211; genau dort, wo sie gebraucht wird. Obendrein ist das kompakte Ger\u00e4t einfach zu bedienen.<\/strong><\/p>\n<p>&nbsp;<\/p>\n<div class=\"sue-section\" data-url=\"\" data-target=\"blank\" style=\"margin:0px 0px 0px 0px;border-top:1px solid #cccccc;border-bottom:1px solid #cccccc\"><div class=\"sue-section-background\" style=\"background-color:#f0f0f0;background-position:left top;\"><\/div><div class=\"sue-section-content sue-content-wrap\" style=\"padding:30px 0px 30px 0px;max-width:960px;text-align:left;color:#333333;text-shadow:0px 1px 10px #ffffff\">\n<h2>Blaux Heizl\u00fcfter Test und Bewertung<\/h2>\n<p><strong>Die Vorteile:<\/strong><\/p>\n<div class=\"su-list\" style=\"margin-left:0px\">\n<ul>\n<li><i class=\"sui sui-plus-circle\" style=\"color:#009800\"><\/i> leistungsstark und effizient<\/li>\n<li><i class=\"sui sui-plus-circle\" style=\"color:#009800\"><\/i> einfach zu handhaben<\/li>\n<li><i class=\"sui sui-plus-circle\" style=\"color:#009800\"><\/i> auspacken und anstecken<\/li>\n<li><i class=\"sui sui-plus-circle\" style=\"color:#009800\"><\/i> heizt in Sekundenschnelle auf<\/li>\n<li><i class=\"sui sui-plus-circle\" style=\"color:#009800\"><\/i> das Ger\u00e4t l\u00e4sst sich individuell einstellen<\/li>\n<li><i class=\"sui sui-plus-circle\" style=\"color:#009800\"><\/i> mit umweltfreundlichem Timer versehen<\/li>\n<li><i class=\"sui sui-plus-circle\" style=\"color:#009800\"><\/i> mehrere Einstellungen sind m\u00f6glich<\/li>\n<li><i class=\"sui sui-plus-circle\" style=\"color:#009800\"><\/i> der HeatCore spart Energie<\/li>\n<li><i class=\"sui sui-plus-circle\" style=\"color:#009800\"><\/i> mit Sicherheitsschalter-Kippschutz<\/li>\n<li><i class=\"sui sui-plus-circle\" style=\"color:#009800\"><\/i> <strong><span style=\"color: #008000;\">Check bestanden<\/span>: Kein Fake oder Betrug<\/strong><\/li>\n<li><i class=\"sui sui-plus-circle\" style=\"color:#009800\"><\/i> F\u00fcr kurze Zeit <strong>mit bis zu 55% beim Hersteller verf\u00fcgbar<\/strong><\/li>\n<\/ul>\n<\/div>\n<p style=\"text-align: center;\"><big><strong>Gesamt-Bewertung: \u2b50\u2b50\u2b50\u2b50\u2b50 (<span style=\"color: #008000;\">4,9 von 5 m\u00f6glichen Sternen<\/span>)<br \/>\n<\/strong><\/big><\/p>\n<\/div><\/div>\n<p>&nbsp;<\/p>\n<div class=\"sue-section\" data-url=\"\" data-target=\"blank\" style=\"margin:0px 0px 0px 0px;border-top:1px solid #cccccc;border-bottom:1px solid #cccccc\"><div class=\"sue-section-background\" style=\"background-color:#f0f0f0;background-position:left top;\"><\/div><div class=\"sue-section-content sue-content-wrap\" style=\"padding:30px 0px 30px 0px;max-width:960px;text-align:left;color:#333333;text-shadow:0px 1px 10px #ffffff\">\n<h2>Blaux HeatCore Heizl\u00fcfter kaufen<\/h2>\n<div class=\"su-list\" style=\"margin-left:0px\">\n<ul>\n<li><i class=\"sui sui-check\" style=\"color:#009800\"><\/i> Direkt beim Hersteller bestellen und bis zu 55% Rabatt bekommen<\/li>\n<li><i class=\"sui sui-check\" style=\"color:#009800\"><\/i> Express Versand<\/li>\n<li><i class=\"sui sui-check\" style=\"color:#009800\"><\/i> Geld-zur\u00fcck-Garantie<\/li>\n<\/ul>\n<\/div>\n<div class=\"su-button-center\"><a href=\"https:\/\/opengrey.eu\/go\/heatcore-de\" class=\"su-button su-button-style-default\" style=\"color:#FFFFFF;background-color:#ef2d34;border-color:#c0242a;border-radius:9px\" target=\"_blank\" rel=\"nofollow\"><span style=\"color:#FFFFFF;padding:8px 24px;font-size:18px;line-height:27px;border-color:#f46c71;border-radius:9px;text-shadow:none\"><i class=\"sui sui-check-square\" style=\"font-size:18px;color:#FFFFFF\"><\/i> Blaux HeatCore mit 55% Rabatt bestellen<\/span><\/a><\/div>\n<\/div><\/div>\n<p>&nbsp;<\/p>\n\n<h2>Blaux HeatCore Heizl\u00fcfter Testbericht und technische Daten<\/h2>\n<p>Der Blaux Heizl\u00fcfter besitzt mehrere Einstellungen zum Regulieren der Temperatur. Ein integrierter L\u00fcfter saugt die Luft von au\u00dfen an und transportiert sie in den Blaux Heizl\u00fcfter. Dort wird sie erhitzt. Das Ger\u00e4t bl\u00e4st einen stetigen hei\u00dfen Luftstrom aus, der verteilt wird, um die Regulierung der Raumtemperatur zu unterst\u00fctzen. Auf diese Weise kann der Heizl\u00fcfter jeden Raum in eine wohlige Oase verwandeln.<\/p>\n<p>Die K\u00e4lte im Winter oder in einem K\u00fchlraum kann nachteilige Nebenwirkungen haben, die nicht selten zu gesundheitlichen Komplikationen f\u00fchrt. Es dauert in der Regel Stunden, bis eine Zentralheizung einen Raum wirklich erw\u00e4rmt. Dabei wird die W\u00e4rme nicht richtig in alle Bereiche des Zimmers verteilt. Zudem treibt eine Zentralheizung die Energiekosten (Strom, Gas, Heiz\u00f6l) kr\u00e4ftig in die H\u00f6he. Die Heizleistung des Blaux Heizl\u00fcfter l\u00e4sst sich nach Belieben regulieren, sodass keiner zum Schwitzen kommt. Das Ger\u00e4t ist eine energiesparende und praktische Alternative zu anderen Heizsystemen.<\/p>\n<p>Der tragbare Blaux Heizl\u00fcfter l\u00e4sst sich \u00fcberall dort anschlie\u00dfen, wo eine Steckdose vorhanden ist. Mithilfe eines integrierten, antimikrobiellen Filters, beseitigt er sogar Bakterien und Ger\u00fcche im Raum. Ein weiterer Pluspunkt ist, dass der robuste Blaux Heizstrahler aus hochwertigen Materialien besteht und gleich nach dem Auspacken verwendet werden kann.<\/p>\n<p>Der tragbare Blaux Heizl\u00fcfter kann sofort nach dem Auspacken verwendet werden. Das ultrastarke Heizger\u00e4t arbeitet leise (55 dB) und ist einfach zu bedienen. Es besitzt ein robustes Geh\u00e4use und ist zudem mit einem antimikrobiellen Filter versehen. Da Keramik ein schlechter W\u00e4rmeleiter ist, bleibt die Oberfl\u00e4che des HeatCore k\u00fchl und man kann sich bei einer Ber\u00fchrung nicht versehentlich daran verletzen.<\/p>\n<h3>Stromverbrauch<\/h3>\n<p>Das tragbare Heizger\u00e4t erzeugt\u00a0 laut Datenblatt <strong>zwischen 700 und 1.200 Watt Leistung<\/strong> und verhindert eiskalte Wintern\u00e4chte im Schlaf- oder Wohnzimmer. Es gibt drei Einstellungen: niedrig, hoch und L\u00fcfter, um die abgegebene Temperatur zu regeln. Au\u00dferdem ist ein Timer vorhanden, der zum Beispiel vor dem Schlafengehen aktiviert werden kann. Dadurch l\u00e4sst sich zus\u00e4tzlich Strom sparen.<\/p>\n<p>Des Weiteren verf\u00fcgt der\u00a0Blaux Heizl\u00fcfter \u00fcber einen Sofort-Aus-Sicherheitsschalter. Er schaltet den Heater aus, sollte er einmal umkippen. Obendrein ist das Heizger\u00e4t mit einem \u00dcberhitzungsschutz ausgestattet. Damit wird das Ger\u00e4t bei Fehlfunktionen ausgeschaltet. Einen weiteren Pluspunkt verdient sich der HeatCore, da er \u00fcber ein superschlankes Design verf\u00fcgt. Daher passt er sehr gut auf die Kommode, auf den Schreibtisch oder sogar auf das Nachtk\u00e4stchen. Das Ger\u00e4t ist kompakt und leicht und kann deshalb \u00fcberall hin mitgenommen werden.<\/p>\n<div class=\"sue-section\" data-url=\"\" data-target=\"blank\" style=\"margin:0px 0px 0px 0px;border-top:1px solid #cccccc;border-bottom:1px solid #cccccc\"><div class=\"sue-section-background\" style=\"background-color:#f0f0f0;background-position:left top;\"><\/div><div class=\"sue-section-content sue-content-wrap\" style=\"padding:30px 0px 30px 0px;max-width:960px;text-align:left;color:#333333;text-shadow:0px 1px 10px #ffffff\">\n<h2>Blaux Heizl\u00fcfter Fake oder Betrug?<\/h2>\n<p><strong>Der Blaux Heizl\u00fcfter Heizl\u00fcfter hat unseren <span style=\"color: #008000;\">Fake-Check bestanden<\/span>.<\/strong><\/p>\n<p>Es handelt sich <span style=\"text-decoration: underline;\">nicht<\/span> um ein Fake Produkt, das Produkt ist seri\u00f6s und wird nach der Bestellung auch an den Kunden versendet.<\/p>\n<\/div><\/div>\n<p>&nbsp;<\/p>\n<p><img loading=\"lazy\" decoding=\"async\" class=\"aligncenter size-full wp-image-471\" src=\"https:\/\/opengrey.eu\/wp-content\/uploads\/2022\/08\/heatcore-heizung.jpg\" alt=\"heatcore heizung\" width=\"750\" height=\"337\" srcset=\"https:\/\/opengrey.eu\/wp-content\/uploads\/2022\/08\/heatcore-heizung.jpg 750w, https:\/\/opengrey.eu\/wp-content\/uploads\/2022\/08\/heatcore-heizung-300x135.jpg 300w\" sizes=\"auto, (max-width: 750px) 100vw, 750px\" \/><\/p>\n<p>&nbsp;<\/p>\n<h2>Blaux HeatCore Heizger\u00e4t Anwendung<\/h2>\n<p>Das kompakte Heizger\u00e4t verwendet die Konvektion-Keramik-Technologie. Es kann \u00fcberall dort verwendet werden, wo eine Steckdose in der N\u00e4he ist. Denn es ist mit einem integrierten Griff ausgestattet. Nutzer m\u00fcssen den Blaux Heizl\u00fcfter nur auf einer ebenen Fl\u00e4che aufstellen. Zudem sollte hinten und vorne ein wenig Platz vorhanden sein. Sein drei-Tasten-Bedienfeld auf der Oberseite des HeatCore ist selbsterkl\u00e4rend. Denn die Tasten sind mit ihrer Funktion beschriftet. Anwender haben die M\u00f6glichkeit die Gebl\u00e4segeschwindigkeit auf hoch oder niedrig einzustellen oder den L\u00fcfter einzuschalten, ohne dabei gleichzeitig die Heizung zu aktivieren. Der praktische Timer kann auf eine Laufzeit von einer, zwei oder drei Stunden eingestellt werden. Auf diese Weise bleibt das Zimmer bis zum Einschlafen warm, der Heater l\u00e4uft aber nicht die ganze Nacht durch.<\/p>\n<p>Anzumerken gilt es zudem, dass das Gebl\u00e4se des Heizger\u00e4tes nach dem Ausschalten 30 Sekunden lang weiterl\u00e4uft. Dadurch wird ein Hitzestau im HeatCore verhindert und den Nutzern bietet sich ein gro\u00dfes Ma\u00df an Sicherheit. Das kleine Heizger\u00e4t ist imstande eine maximale Temperatur von 175 Grad Celsius (\u00e4hnlich wie ein Ofen) zu erzeugen. Es liefert den Anwendern sekundenschnell eine wohlige W\u00e4rme im Wohn- und Schlafzimmer oder am Arbeitsplatz. Der tragbare HeatCore setzt der klirrenden K\u00e4lte sofort ein Ende und verwandelt jeden (geschlossenen) Raum in eine angenehm warme Oase. Dank seiner Sicherheitsfunktionen sch\u00fctzt er sich selbst und seine Nutzer vor Hitze und Feuer.<\/p>\n<p>Obendrein muss angef\u00fchrt werden, dass der HeatCore mit einem integrierten austauschbaren antimikrobiellen Filter versehen ist. Dieser Filter f\u00e4ngt nicht nur Staub und Haare auf. Er hilft dabei, die Luft zu filtern und das Wachstum von Bakterien zu verhindern. Diese Funktion hebt das Modell zus\u00e4tzlich von anderen Heizger\u00e4ten ab.<\/p>\n<h3>Preise und Kosten<\/h3>\n<p><strong>F\u00fcr das Ma\u00df an Komfort und W\u00e4rme, die der HeatCore seinen Anwendern zu bieten hat, sind die Preise sehr <span style=\"color: #008000;\">fair<\/span><\/strong>. Mit Rabatten kostet ein Heater etwa 89,99 Euro pro einzelner Einheit anstatt 138,45 Euro. Wenn Sie drei Ger\u00e4te kaufen, zahlen Sie statt 415,34 Euro nur 202,48 Euro. Das entspricht etwa 67,50 Euro pro Einheit. Beim Kauf dieser dreifachen Heizleistung werden 51 Prozent Kosten gespart. Interessierte Kunden, die sich f\u00fcr zwei Heizger\u00e4te und damit f\u00fcr eine zweifache Heizleistung entscheiden, zahlen daf\u00fcr 179,98 Euro (\u20ac 89,99 pro Ger\u00e4t). Das bedeutet eine Ersparnis von 35 Prozent.<\/p>\n<p>F\u00fcr 4 HeatCore Ger\u00e4te fallen Kosten von 247,47 Euro statt 553,78 Euro an. Diese vierfache Heizleistung kann ein ganzes Haus erw\u00e4rmen. Beim Kauf von vier Ger\u00e4ten werden 55 Prozent an Kosten gespart. Versandkosten sowie Steuern werden mit der Kaufbest\u00e4tigung der Ger\u00e4te verrechnet.<\/p>\n<h3>Kostenlose R\u00fccksendung und R\u00fcckgabe<\/h3>\n<p>Den Kunden wird zudem eine 30-t\u00e4gige Garantie auf alle unbenutzten Bestellungen gew\u00e4hrt. Die <strong>Produkte k\u00f6nnen in der unge\u00f6ffneten Verpackung zur\u00fcckgeschickt werden<\/strong>, um eine vollst\u00e4ndige R\u00fcckerstattung oder Ersatz (ohne Verpackungs- und Versandkosten) zu erhalten.<\/p>\n<h2>Stiftung Warentest<\/h2>\n<p><strong>Hat die Stiftung Warentest den Blaux Heizl\u00fcfter bereits getestet?<\/strong><\/p>\n<p><strong>Nein<\/strong>, der letzte Heizl\u00fcfter Test der Stiftung Warentest liegt schon extrem lange zur\u00fcck.<\/p>\n<h2>Blaux HeatCore Erfahrungsberichte und Bewertungen von Benutzern<\/h2>\n<div class=\"su-list\" style=\"margin-left:0px\">\n<ul>\n<li><i class=\"sui sui-user-circle-o\" style=\"color:#004AAD\"><\/i> Es gibt im Internet <a href=\"https:\/\/www.zeitung.de\/heim-garten\/heatcore-heizluefter\/\" target=\"_blank\" rel=\"noopener\">zahlreiche positive HeatCore Erfahrungsberichte<\/a>, die sich um die vielen Vorteile der Heizung drehen. Die Nutzer sagen zum Beispiel, dass der Mini-Heizl\u00fcfter eine angenehme W\u00e4rme ausstrahlt, die nicht blo\u00df die H\u00e4nde erw\u00e4rmt. Des Weiteren wird beif\u00e4llig bemerkt, dass man kein technisches Genie sein muss, um das Ger\u00e4t bedienen zu k\u00f6nnen. Anwender stellen zufrieden fest, dass man das kleine Heizger\u00e4t nur auf einer ebenen Fl\u00e4che aufstellen und dann einschalten muss; schon w\u00fcrde es wohlig warm.<\/li>\n<li><i class=\"sui sui-user-circle-o\" style=\"color:#004AAD\"><\/i> Bei weiteren Kundenerfahrungen war zu lesen, dass sich der Blaux Heizl\u00fcfter sofort ausschaltet, wenn er einmal umf\u00e4llt. Dank dieser Funktion f\u00fchlt sich ein weiterer User sicher.<\/li>\n<li><i class=\"sui sui-user-circle-o\" style=\"color:#004AAD\"><\/i> Einer Frau aus dem Bundesland Nordrhein-Westfalen gef\u00e4llt beispielsweise die angenehme W\u00e4rme, die das Mini-Heizger\u00e4t innerhalb einiger Minuten erzeugt. Da sie den Blaux Heizl\u00fcfter h\u00e4ufig anstelle der Zentralheizung benutzt, hat sie bestimmt schon mehrere hundert Euro gespart, wei\u00df sie zu berichten.<\/li>\n<li><i class=\"sui sui-user-circle-o\" style=\"color:#004AAD\"><\/i> Die n\u00e4chste Anwenderin erz\u00e4hlt in ihrem Erfahrungsbericht wiederum, dass bereits kurz nach dem Einschalten wohlige W\u00e4rme durch den ganzen Raum str\u00f6mt. Sie benutzt den HeatCore, um den Bereich aufzuheizen, in dem sie sich gerade befindet. Diese Nutzerin kann das Ger\u00e4t bedenkenlos weiterempfehlen. Denn weder bei der Benutzung noch danach gab es irgendwelche Probleme.<\/li>\n<li><i class=\"sui sui-user-circle-o\" style=\"color:#004AAD\"><\/i> In den Kundenrezensionen \u00fcber den robusten Konvektionsheizer ist zudem zu lesen, dass dieser seinen Nutzern eine energieeffiziente und sichere Heizleistung bietet. Er wird von seinen Anwendern in B\u00fcros und privaten R\u00e4umen als Ersatz f\u00fcr eine herk\u00f6mmliche Gas- oder \u00d6lheizung genutzt.<\/li>\n<\/ul>\n<\/div>\n","protected":false},"excerpt":{"rendered":"<p>Beim Blaux HeatCore handelt es sich um ein kleines, tragbares Raumheizger\u00e4t, das sehr leise funktioniert. Das leistungsstarke Heizger\u00e4t heizt in Sekundenschnelle auf und kostet nur wenige Cent pro Stunde. Es bereitet der klirrenden K\u00e4lte im Haus sofort ein Ende. Dank der extra-effizienten Heiztechnik, von HeatCore erhalten Anwender wohlige W\u00e4rme &#8211; genau dort, wo sie gebraucht &#8230; <a title=\"Blaux HeatCore Heizl\u00fcfter g\u00fcnstig kaufen &#8211; Test, Bewertungen, Stromverbrauch, Preis &#038; Erfahrungen\" class=\"read-more\" href=\"https:\/\/opengrey.eu\/de\/heatcore\/\" aria-label=\"Mehr Informationen \u00fcber Blaux HeatCore Heizl\u00fcfter g\u00fcnstig kaufen &#8211; Test, Bewertungen, Stromverbrauch, Preis &#038; Erfahrungen\">Weiterlesen &#8230;<\/a><\/p>\n","protected":false},"author":1,"featured_media":0,"parent":0,"menu_order":0,"comment_status":"closed","ping_status":"closed","template":"","meta":{"footnotes":""},"class_list":["post-457","page","type-page","status-publish"],"_links":{"self":[{"href":"https:\/\/opengrey.eu\/de\/wp-json\/wp\/v2\/pages\/457","targetHints":{"allow":["GET"]}}],"collection":[{"href":"https:\/\/opengrey.eu\/de\/wp-json\/wp\/v2\/pages"}],"about":[{"href":"https:\/\/opengrey.eu\/de\/wp-json\/wp\/v2\/types\/page"}],"author":[{"embeddable":true,"href":"https:\/\/opengrey.eu\/de\/wp-json\/wp\/v2\/users\/1"}],"replies":[{"embeddable":true,"href":"https:\/\/opengrey.eu\/de\/wp-json\/wp\/v2\/comments?post=457"}],"version-history":[{"count":10,"href":"https:\/\/opengrey.eu\/de\/wp-json\/wp\/v2\/pages\/457\/revisions"}],"predecessor-version":[{"id":874,"href":"https:\/\/opengrey.eu\/de\/wp-json\/wp\/v2\/pages\/457\/revisions\/874"}],"wp:attachment":[{"href":"https:\/\/opengrey.eu\/de\/wp-json\/wp\/v2\/media?parent=457"}],"curies":[{"name":"wp","href":"https:\/\/api.w.org\/{rel}","templated":true}]}}